{"id":39,"date":"2022-04-01T12:15:22","date_gmt":"2022-04-01T10:15:22","guid":{"rendered":"https:\/\/cwctest.de\/?page_id=39"},"modified":"2023-09-18T12:19:04","modified_gmt":"2023-09-18T10:19:04","slug":"mittelstandsexperten-2","status":"publish","type":"page","link":"https:\/\/clockwise-consulting.de\/en\/mittelstandsexperten-2\/","title":{"rendered":"Management"},"content":{"rendered":"<div data-elementor-type=\"wp-page\" data-elementor-id=\"39\" class=\"elementor elementor-39\" data-elementor-settings=\"{&quot;ha_cmc_init_switcher&quot;:&quot;no&quot;}\">\n\t\t\t\t\t\t<section class=\"elementor-section elementor-top-section elementor-element elementor-element-ik7l9me elementor-section-boxed elementor-section-height-default elementor-section-height-default\" data-id=\"ik7l9me\" data-element_type=\"section\" data-settings=\"{&quot;background_background&quot;:&quot;classic&quot;,&quot;_ha_eqh_enable&quot;:false}\">\n\t\t\t\t\t\t<div class=\"elementor-container elementor-column-gap-default\">\n\t\t\t\t\t<div class=\"elementor-column elementor-col-100 elementor-top-column elementor-element elementor-element-90988fe\" data-id=\"90988fe\" data-element_type=\"column\">\n\t\t\t<div class=\"elementor-widget-wrap elementor-element-populated\">\n\t\t\t\t\t\t<div class=\"elementor-element elementor-element-4a1c612 elementor-widget elementor-widget-heading\" data-id=\"4a1c612\" data-element_type=\"widget\" data-widget_type=\"heading.default\">\n\t\t\t\t<div class=\"elementor-widget-container\">\n\t\t\t<h1 class=\"elementor-heading-title elementor-size-default\">Management<\/h1>\t\t<\/div>\n\t\t\t\t<\/div>\n\t\t\t\t\t<\/div>\n\t\t<\/div>\n\t\t\t\t\t<\/div>\n\t\t<\/section>\n\t\t\t\t<section class=\"elementor-section elementor-top-section elementor-element elementor-element-3f79f85 elementor-section-boxed elementor-section-height-default elementor-section-height-default\" data-id=\"3f79f85\" data-element_type=\"section\" data-settings=\"{&quot;_ha_eqh_enable&quot;:false}\">\n\t\t\t\t\t\t<div class=\"elementor-container elementor-column-gap-default\">\n\t\t\t\t\t<div class=\"elementor-column elementor-col-100 elementor-top-column elementor-element elementor-element-2591786\" data-id=\"2591786\" data-element_type=\"column\">\n\t\t\t<div class=\"elementor-widget-wrap elementor-element-populated\">\n\t\t\t\t\t\t<div class=\"elementor-element elementor-element-aaac07f elementor-widget elementor-widget-heading\" data-id=\"aaac07f\" data-element_type=\"widget\" data-widget_type=\"heading.default\">\n\t\t\t\t<div class=\"elementor-widget-container\">\n\t\t\t<h2 class=\"elementor-heading-title elementor-size-default\">Gesch\u00e4ftsf\u00fchrung<\/h2>\t\t<\/div>\n\t\t\t\t<\/div>\n\t\t\t\t<div class=\"elementor-element elementor-element-3ef479c elementor-widget-divider--view-line elementor-widget elementor-widget-divider\" data-id=\"3ef479c\" data-element_type=\"widget\" data-widget_type=\"divider.default\">\n\t\t\t\t<div class=\"elementor-widget-container\">\n\t\t\t\t\t<div class=\"elementor-divider\">\n\t\t\t<span class=\"elementor-divider-separator\">\n\t\t\t\t\t\t<\/span>\n\t\t<\/div>\n\t\t\t\t<\/div>\n\t\t\t\t<\/div>\n\t\t\t\t<div class=\"elementor-element elementor-element-906c328 elementor-widget elementor-widget-text-editor\" data-id=\"906c328\" data-element_type=\"widget\" data-widget_type=\"text-editor.default\">\n\t\t\t\t<div class=\"elementor-widget-container\">\n\t\t\t\t\t\t\t<p style=\"text-align: center;\">Seit 2006 bieten die Mittelstandsexperten der Clockwise Consulting eine ausgezeichnete Beratungsqualit\u00e4t, um den Mittelstand und Familienunternehmen bestm\u00f6glich zu unterst\u00fctzen. Unser Beirat, externe Experten und Partnern bestehend aus Technologieberatern, Fachanw\u00e4lten, Steuerberatern und Wirtschaftspr\u00fcfern stehen uns bei Spezialthemen stets zur Seite.<\/p>\t\t\t\t\t\t<\/div>\n\t\t\t\t<\/div>\n\t\t\t\t\t<\/div>\n\t\t<\/div>\n\t\t\t\t\t<\/div>\n\t\t<\/section>\n\t\t\t\t<section class=\"elementor-section elementor-top-section elementor-element elementor-element-f09aee7 elementor-section-boxed elementor-section-height-default elementor-section-height-default\" data-id=\"f09aee7\" data-element_type=\"section\" data-settings=\"{&quot;_ha_eqh_enable&quot;:false}\">\n\t\t\t\t\t\t<div class=\"elementor-container elementor-column-gap-default\">\n\t\t\t\t\t<div class=\"elementor-column elementor-col-50 elementor-top-column elementor-element elementor-element-30c06d7\" data-id=\"30c06d7\" data-element_type=\"column\">\n\t\t\t<div class=\"elementor-widget-wrap elementor-element-populated\">\n\t\t\t\t\t\t<div class=\"elementor-element elementor-element-8d6236a elementor-widget elementor-widget-ha-member happy-addon ha-member\" data-id=\"8d6236a\" data-element_type=\"widget\" data-widget_type=\"ha-member.default\">\n\t\t\t\t<div class=\"elementor-widget-container\">\n\t\t\t\n\t\t\t\t\t<figure class=\"ha-member-figure\">\n\t\t\t\t<img fetchpriority=\"high\" decoding=\"async\" width=\"300\" height=\"297\" src=\"https:\/\/clockwise-consulting.de\/wp-content\/uploads\/2023\/09\/CW_neu-e1658907079806-768x760-1-300x297.webp\" class=\"elementor-animation-disable-animation attachment-medium size-medium wp-image-2181\" alt=\"\" srcset=\"https:\/\/clockwise-consulting.de\/wp-content\/uploads\/2023\/09\/CW_neu-e1658907079806-768x760-1-300x297.webp 300w, https:\/\/clockwise-consulting.de\/wp-content\/uploads\/2023\/09\/CW_neu-e1658907079806-768x760-1-150x150.webp 150w, https:\/\/clockwise-consulting.de\/wp-content\/uploads\/2023\/09\/CW_neu-e1658907079806-768x760-1-12x12.webp 12w, https:\/\/clockwise-consulting.de\/wp-content\/uploads\/2023\/09\/CW_neu-e1658907079806-768x760-1.webp 768w\" sizes=\"(max-width: 300px) 100vw, 300px\" \/>\t\t\t<\/figure>\n\t\t\n\t\t<div class=\"ha-member-body\">\n\t\t\t<h2 class=\"ha-member-name\">Christian Wewezow<\/h2>\n\t\t\t\t\t\t\t<div class=\"ha-member-position\">Managing Partner<\/div>\n\t\t\t\n\t\t\t\n\t\t\t\n\t\t\t\n\t\t\t\t\t<\/div>\n\t\t\t\t<\/div>\n\t\t\t\t<\/div>\n\t\t\t\t\t<\/div>\n\t\t<\/div>\n\t\t\t\t<div class=\"elementor-column elementor-col-50 elementor-top-column elementor-element elementor-element-19eaebb\" data-id=\"19eaebb\" data-element_type=\"column\">\n\t\t\t<div class=\"elementor-widget-wrap elementor-element-populated\">\n\t\t\t\t\t\t<div class=\"elementor-element elementor-element-8b5af9b elementor-widget elementor-widget-ha-member happy-addon ha-member\" data-id=\"8b5af9b\" data-element_type=\"widget\" data-widget_type=\"ha-member.default\">\n\t\t\t\t<div class=\"elementor-widget-container\">\n\t\t\t\n\t\t\t\t\t<figure class=\"ha-member-figure\">\n\t\t\t\t<img decoding=\"async\" width=\"300\" height=\"295\" src=\"https:\/\/clockwise-consulting.de\/wp-content\/uploads\/2023\/09\/MN-neu-Startify-1-300x295.jpg\" class=\"elementor-animation-disable-animation attachment-medium size-medium wp-image-2203\" alt=\"\" srcset=\"https:\/\/clockwise-consulting.de\/wp-content\/uploads\/2023\/09\/MN-neu-Startify-1-300x295.jpg 300w, https:\/\/clockwise-consulting.de\/wp-content\/uploads\/2023\/09\/MN-neu-Startify-1-12x12.jpg 12w, https:\/\/clockwise-consulting.de\/wp-content\/uploads\/2023\/09\/MN-neu-Startify-1.jpg 768w\" sizes=\"(max-width: 300px) 100vw, 300px\" \/>\t\t\t<\/figure>\n\t\t\n\t\t<div class=\"ha-member-body\">\n\t\t\t<h2 class=\"ha-member-name\">Michael Noack<\/h2>\n\t\t\t\t\t\t\t<div class=\"ha-member-position\">Managing Partner<\/div>\n\t\t\t\n\t\t\t\n\t\t\t\n\t\t\t\n\t\t\t\t\t<\/div>\n\t\t\t\t<\/div>\n\t\t\t\t<\/div>\n\t\t\t\t\t<\/div>\n\t\t<\/div>\n\t\t\t\t\t<\/div>\n\t\t<\/section>\n\t\t\t\t<section class=\"elementor-section elementor-top-section elementor-element elementor-element-a689f04 elementor-section-boxed elementor-section-height-default elementor-section-height-default\" data-id=\"a689f04\" data-element_type=\"section\" data-settings=\"{&quot;_ha_eqh_enable&quot;:false}\">\n\t\t\t\t\t\t<div class=\"elementor-container elementor-column-gap-default\">\n\t\t\t\t\t<div class=\"elementor-column elementor-col-100 elementor-top-column elementor-element elementor-element-5db2d00\" data-id=\"5db2d00\" data-element_type=\"column\">\n\t\t\t<div class=\"elementor-widget-wrap elementor-element-populated\">\n\t\t\t\t\t\t<div class=\"elementor-element elementor-element-02dc5c6 elementor-widget elementor-widget-heading\" data-id=\"02dc5c6\" data-element_type=\"widget\" data-widget_type=\"heading.default\">\n\t\t\t\t<div class=\"elementor-widget-container\">\n\t\t\t<h2 class=\"elementor-heading-title elementor-size-default\">Fachbeirat Industrie und Maschinenbau<\/h2>\t\t<\/div>\n\t\t\t\t<\/div>\n\t\t\t\t<div class=\"elementor-element elementor-element-1475e88 elementor-widget-divider--view-line elementor-widget elementor-widget-divider\" data-id=\"1475e88\" data-element_type=\"widget\" data-widget_type=\"divider.default\">\n\t\t\t\t<div class=\"elementor-widget-container\">\n\t\t\t\t\t<div class=\"elementor-divider\">\n\t\t\t<span class=\"elementor-divider-separator\">\n\t\t\t\t\t\t<\/span>\n\t\t<\/div>\n\t\t\t\t<\/div>\n\t\t\t\t<\/div>\n\t\t\t\t\t<\/div>\n\t\t<\/div>\n\t\t\t\t\t<\/div>\n\t\t<\/section>\n\t\t\t\t<section class=\"elementor-section elementor-top-section elementor-element elementor-element-d7ca8e5 elementor-section-boxed elementor-section-height-default elementor-section-height-default\" data-id=\"d7ca8e5\" data-element_type=\"section\" data-settings=\"{&quot;_ha_eqh_enable&quot;:&quot;yes&quot;,&quot;_ha_eqh_widget&quot;:[&quot;ha-member&quot;],&quot;_ha_eqh_to&quot;:&quot;widget&quot;,&quot;_ha_eqh_disable_on_tablet&quot;:&quot;no&quot;,&quot;_ha_eqh_disable_on_mobile&quot;:&quot;yes&quot;}\">\n\t\t\t\t\t\t<div class=\"elementor-container elementor-column-gap-default\">\n\t\t\t\t\t<div class=\"elementor-column elementor-col-50 elementor-top-column elementor-element elementor-element-15dead4\" data-id=\"15dead4\" data-element_type=\"column\">\n\t\t\t<div class=\"elementor-widget-wrap elementor-element-populated\">\n\t\t\t\t\t\t<div class=\"elementor-element elementor-element-41e2e33 elementor-widget elementor-widget-ha-member happy-addon ha-member\" data-id=\"41e2e33\" data-element_type=\"widget\" data-widget_type=\"ha-member.default\">\n\t\t\t\t<div class=\"elementor-widget-container\">\n\t\t\t\n\t\t\t\t\t<figure class=\"ha-member-figure\">\n\t\t\t\t<img decoding=\"async\" width=\"300\" height=\"284\" src=\"https:\/\/clockwise-consulting.de\/wp-content\/uploads\/2022\/07\/fabian_kapp1-300x284.jpeg\" class=\"elementor-animation-disable-animation attachment-medium size-medium wp-image-1677\" alt=\"\" srcset=\"https:\/\/clockwise-consulting.de\/wp-content\/uploads\/2022\/07\/fabian_kapp1-300x284.jpeg 300w, https:\/\/clockwise-consulting.de\/wp-content\/uploads\/2022\/07\/fabian_kapp1.jpeg 317w\" sizes=\"(max-width: 300px) 100vw, 300px\" \/>\t\t\t<\/figure>\n\t\t\n\t\t<div class=\"ha-member-body\">\n\t\t\t<h2 class=\"ha-member-name\">Fabian Kapp<\/h2>\n\t\t\t\t\t\t\t<div class=\"ha-member-position\">Beiratsmitglied<\/div>\n\t\t\t\n\t\t\t\n\t\t\t\n\t\t\t\n\t\t\t\t\t<\/div>\n\t\t\t\t<\/div>\n\t\t\t\t<\/div>\n\t\t\t\t\t<\/div>\n\t\t<\/div>\n\t\t\t\t<div class=\"elementor-column elementor-col-50 elementor-top-column elementor-element elementor-element-cdea860\" data-id=\"cdea860\" data-element_type=\"column\">\n\t\t\t<div class=\"elementor-widget-wrap elementor-element-populated\">\n\t\t\t\t\t\t<div class=\"elementor-element elementor-element-4be2c1b elementor-widget elementor-widget-ha-member happy-addon ha-member\" data-id=\"4be2c1b\" data-element_type=\"widget\" data-widget_type=\"ha-member.default\">\n\t\t\t\t<div class=\"elementor-widget-container\">\n\t\t\t\n\t\t\t\t\t<figure class=\"ha-member-figure\">\n\t\t\t\t<img loading=\"lazy\" decoding=\"async\" width=\"264\" height=\"298\" src=\"https:\/\/clockwise-consulting.de\/wp-content\/uploads\/2022\/07\/ReinerSchmidt-1.jpeg\" class=\"elementor-animation-disable-animation attachment-medium size-medium wp-image-1682\" alt=\"\" \/>\t\t\t<\/figure>\n\t\t\n\t\t<div class=\"ha-member-body\">\n\t\t\t<h2 class=\"ha-member-name\">Reiner Schmidt<\/h2>\n\t\t\t\t\t\t\t<div class=\"ha-member-position\">Beiratsmitglied<\/div>\n\t\t\t\n\t\t\t\n\t\t\t\n\t\t\t\n\t\t\t\t\t<\/div>\n\t\t\t\t<\/div>\n\t\t\t\t<\/div>\n\t\t\t\t\t<\/div>\n\t\t<\/div>\n\t\t\t\t\t<\/div>\n\t\t<\/section>\n\t\t\t\t<\/div>","protected":false},"excerpt":{"rendered":"<p>Management Gesch\u00e4ftsf\u00fchrung Seit 2006 bieten die Mittelstandsexperten der Clockwise Consulting eine ausgezeichnete Beratungsqualit\u00e4t, um den Mittelstand und Familienunternehmen bestm\u00f6glich zu unterst\u00fctzen. Unser Beirat, externe Experten und Partnern bestehend aus Technologieberatern, Fachanw\u00e4lten, Steuerberatern und Wirtschaftspr\u00fcfern stehen uns bei Spezialthemen stets zur Seite. Christian Wewezow Managing Partner Michael Noack Managing Partner Fachbeirat Industrie und Maschinenbau Fabian Kapp [&hellip;]<\/p>","protected":false},"author":2,"featured_media":0,"parent":0,"menu_order":0,"comment_status":"closed","ping_status":"closed","template":"","meta":{"site-sidebar-layout":"no-sidebar","site-content-layout":"page-builder","ast-site-content-layout":"","site-content-style":"default","site-sidebar-style":"default","ast-global-header-display":"","ast-banner-title-visibility":"","ast-main-header-display":"","ast-hfb-above-header-display":"","ast-hfb-below-header-display":"","ast-hfb-mobile-header-display":"","site-post-title":"disabled","ast-breadcrumbs-content":"","ast-featured-img":"disabled","footer-sml-layout":"","theme-transparent-header-meta":"","adv-header-id-meta":"","stick-header-meta":"","header-above-stick-meta":"","header-main-stick-meta":"","header-below-stick-meta":"","astra-migrate-meta-layouts":"default","ast-page-background-enabled":"default","ast-page-background-meta":{"desktop":{"background-color":"var(--ast-global-color-4)","background-image":"","background-repeat":"repeat","background-position":"center center","background-size":"auto","background-attachment":"scroll","background-type":"","background-media":"","overlay-type":"","overlay-color":"","overlay-opacity":"","overlay-gradient":""},"tablet":{"background-color":"","background-image":"","background-repeat":"repeat","background-position":"center center","background-size":"auto","background-attachment":"scroll","background-type":"","background-media":"","overlay-type":"","overlay-color":"","overlay-opacity":"","overlay-gradient":""},"mobile":{"background-color":"","background-image":"","background-repeat":"repeat","background-position":"center center","background-size":"auto","background-attachment":"scroll","background-type":"","background-media":"","overlay-type":"","overlay-color":"","overlay-opacity":"","overlay-gradient":""}},"ast-content-background-meta":{"desktop":{"background-color":"var(--ast-global-color-5)","background-image":"","background-repeat":"repeat","background-position":"center center","background-size":"auto","background-attachment":"scroll","background-type":"","background-media":"","overlay-type":"","overlay-color":"","overlay-opacity":"","overlay-gradient":""},"tablet":{"background-color":"var(--ast-global-color-5)","background-image":"","background-repeat":"repeat","background-position":"center center","background-size":"auto","background-attachment":"scroll","background-type":"","background-media":"","overlay-type":"","overlay-color":"","overlay-opacity":"","overlay-gradient":""},"mobile":{"background-color":"var(--ast-global-color-5)","background-image":"","background-repeat":"repeat","background-position":"center center","background-size":"auto","background-attachment":"scroll","background-type":"","background-media":"","overlay-type":"","overlay-color":"","overlay-opacity":"","overlay-gradient":""}},"iawp_total_views":1187,"footnotes":""},"class_list":["post-39","page","type-page","status-publish","hentry"],"yoast_head":"<!-- This site is optimized with the Yoast SEO plugin v26.3 - https:\/\/yoast.com\/wordpress\/plugins\/seo\/ -->\n<title>Management - Clockwise Consulting<\/title>\n<meta name=\"description\" content=\"Das sind die Mittelstandsexperten der Clockwise Consulting. Getreu unserem Motto &quot;Unternehmer im Herzen, Berater im Kopf&quot; stellt sich unser Team zusammen.\" \/>\n<meta name=\"robots\" content=\"index, follow, max-snippet:-1, max-image-preview:large, max-video-preview:-1\" \/>\n<link rel=\"canonical\" href=\"https:\/\/clockwise-consulting.de\/en\/mittelstandsexperten-2\/\" \/>\n<meta property=\"og:locale\" content=\"en_GB\" \/>\n<meta property=\"og:type\" content=\"article\" \/>\n<meta property=\"og:title\" content=\"Management - Clockwise Consulting\" \/>\n<meta property=\"og:description\" content=\"Das sind die Mittelstandsexperten der Clockwise Consulting. Getreu unserem Motto &quot;Unternehmer im Herzen, Berater im Kopf&quot; stellt sich unser Team zusammen.\" \/>\n<meta property=\"og:url\" content=\"https:\/\/clockwise-consulting.de\/en\/mittelstandsexperten-2\/\" \/>\n<meta property=\"og:site_name\" content=\"Clockwise Consulting\" \/>\n<meta property=\"article:modified_time\" content=\"2023-09-18T10:19:04+00:00\" \/>\n<meta property=\"og:image\" content=\"https:\/\/clockwise-consulting.de\/wp-content\/uploads\/2023\/09\/CW_neu-e1658907079806-768x760-1-300x297.webp\" \/>\n<meta name=\"twitter:card\" content=\"summary_large_image\" \/>\n<meta name=\"twitter:label1\" content=\"Estimated reading time\" \/>\n\t<meta name=\"twitter:data1\" content=\"2 minutes\" \/>\n<script type=\"application\/ld+json\" class=\"yoast-schema-graph\">{\"@context\":\"https:\/\/schema.org\",\"@graph\":[{\"@type\":\"WebPage\",\"@id\":\"https:\/\/clockwise-consulting.de\/mittelstandsexperten-2\/\",\"url\":\"https:\/\/clockwise-consulting.de\/mittelstandsexperten-2\/\",\"name\":\"Management - Clockwise Consulting\",\"isPartOf\":{\"@id\":\"https:\/\/clockwise-consulting.de\/#website\"},\"primaryImageOfPage\":{\"@id\":\"https:\/\/clockwise-consulting.de\/mittelstandsexperten-2\/#primaryimage\"},\"image\":{\"@id\":\"https:\/\/clockwise-consulting.de\/mittelstandsexperten-2\/#primaryimage\"},\"thumbnailUrl\":\"https:\/\/clockwise-consulting.de\/wp-content\/uploads\/2023\/09\/CW_neu-e1658907079806-768x760-1-300x297.webp\",\"datePublished\":\"2022-04-01T10:15:22+00:00\",\"dateModified\":\"2023-09-18T10:19:04+00:00\",\"description\":\"Das sind die Mittelstandsexperten der Clockwise Consulting. Getreu unserem Motto \\\"Unternehmer im Herzen, Berater im Kopf\\\" stellt sich unser Team zusammen.\",\"breadcrumb\":{\"@id\":\"https:\/\/clockwise-consulting.de\/mittelstandsexperten-2\/#breadcrumb\"},\"inLanguage\":\"en-GB\",\"potentialAction\":[{\"@type\":\"ReadAction\",\"target\":[\"https:\/\/clockwise-consulting.de\/mittelstandsexperten-2\/\"]}]},{\"@type\":\"ImageObject\",\"inLanguage\":\"en-GB\",\"@id\":\"https:\/\/clockwise-consulting.de\/mittelstandsexperten-2\/#primaryimage\",\"url\":\"https:\/\/clockwise-consulting.de\/wp-content\/uploads\/2023\/09\/CW_neu-e1658907079806-768x760-1-300x297.webp\",\"contentUrl\":\"https:\/\/clockwise-consulting.de\/wp-content\/uploads\/2023\/09\/CW_neu-e1658907079806-768x760-1-300x297.webp\"},{\"@type\":\"BreadcrumbList\",\"@id\":\"https:\/\/clockwise-consulting.de\/mittelstandsexperten-2\/#breadcrumb\",\"itemListElement\":[{\"@type\":\"ListItem\",\"position\":1,\"name\":\"Startseite\",\"item\":\"https:\/\/clockwise-consulting.de\/\"},{\"@type\":\"ListItem\",\"position\":2,\"name\":\"Management\"}]},{\"@type\":\"WebSite\",\"@id\":\"https:\/\/clockwise-consulting.de\/#website\",\"url\":\"https:\/\/clockwise-consulting.de\/\",\"name\":\"Clockwise Consulting\",\"description\":\"Strategie- und Organisationsentwicklung f\u00fcr den Mittelstand\",\"publisher\":{\"@id\":\"https:\/\/clockwise-consulting.de\/#organization\"},\"potentialAction\":[{\"@type\":\"SearchAction\",\"target\":{\"@type\":\"EntryPoint\",\"urlTemplate\":\"https:\/\/clockwise-consulting.de\/?s={search_term_string}\"},\"query-input\":{\"@type\":\"PropertyValueSpecification\",\"valueRequired\":true,\"valueName\":\"search_term_string\"}}],\"inLanguage\":\"en-GB\"},{\"@type\":\"Organization\",\"@id\":\"https:\/\/clockwise-consulting.de\/#organization\",\"name\":\"Clockwise Consulting\",\"url\":\"https:\/\/clockwise-consulting.de\/\",\"logo\":{\"@type\":\"ImageObject\",\"inLanguage\":\"en-GB\",\"@id\":\"https:\/\/clockwise-consulting.de\/#\/schema\/logo\/image\/\",\"url\":\"https:\/\/cwctest.de\/wp-content\/uploads\/2022\/04\/cwclogo.jpeg\",\"contentUrl\":\"https:\/\/cwctest.de\/wp-content\/uploads\/2022\/04\/cwclogo.jpeg\",\"width\":150,\"height\":75,\"caption\":\"Clockwise Consulting\"},\"image\":{\"@id\":\"https:\/\/clockwise-consulting.de\/#\/schema\/logo\/image\/\"}}]}<\/script>\n<!-- \/ Yoast SEO plugin. -->","yoast_head_json":{"title":"Management - Clockwise Consulting","description":"Das sind die Mittelstandsexperten der Clockwise Consulting. Getreu unserem Motto \"Unternehmer im Herzen, Berater im Kopf\" stellt sich unser Team zusammen.","robots":{"index":"index","follow":"follow","max-snippet":"max-snippet:-1","max-image-preview":"max-image-preview:large","max-video-preview":"max-video-preview:-1"},"canonical":"https:\/\/clockwise-consulting.de\/en\/mittelstandsexperten-2\/","og_locale":"en_GB","og_type":"article","og_title":"Management - Clockwise Consulting","og_description":"Das sind die Mittelstandsexperten der Clockwise Consulting. Getreu unserem Motto \"Unternehmer im Herzen, Berater im Kopf\" stellt sich unser Team zusammen.","og_url":"https:\/\/clockwise-consulting.de\/en\/mittelstandsexperten-2\/","og_site_name":"Clockwise Consulting","article_modified_time":"2023-09-18T10:19:04+00:00","og_image":[{"url":"https:\/\/clockwise-consulting.de\/wp-content\/uploads\/2023\/09\/CW_neu-e1658907079806-768x760-1-300x297.webp","type":"","width":"","height":""}],"twitter_card":"summary_large_image","twitter_misc":{"Estimated reading time":"2 minutes"},"schema":{"@context":"https:\/\/schema.org","@graph":[{"@type":"WebPage","@id":"https:\/\/clockwise-consulting.de\/mittelstandsexperten-2\/","url":"https:\/\/clockwise-consulting.de\/mittelstandsexperten-2\/","name":"Management - Clockwise Consulting","isPartOf":{"@id":"https:\/\/clockwise-consulting.de\/#website"},"primaryImageOfPage":{"@id":"https:\/\/clockwise-consulting.de\/mittelstandsexperten-2\/#primaryimage"},"image":{"@id":"https:\/\/clockwise-consulting.de\/mittelstandsexperten-2\/#primaryimage"},"thumbnailUrl":"https:\/\/clockwise-consulting.de\/wp-content\/uploads\/2023\/09\/CW_neu-e1658907079806-768x760-1-300x297.webp","datePublished":"2022-04-01T10:15:22+00:00","dateModified":"2023-09-18T10:19:04+00:00","description":"Das sind die Mittelstandsexperten der Clockwise Consulting. Getreu unserem Motto \"Unternehmer im Herzen, Berater im Kopf\" stellt sich unser Team zusammen.","breadcrumb":{"@id":"https:\/\/clockwise-consulting.de\/mittelstandsexperten-2\/#breadcrumb"},"inLanguage":"en-GB","potentialAction":[{"@type":"ReadAction","target":["https:\/\/clockwise-consulting.de\/mittelstandsexperten-2\/"]}]},{"@type":"ImageObject","inLanguage":"en-GB","@id":"https:\/\/clockwise-consulting.de\/mittelstandsexperten-2\/#primaryimage","url":"https:\/\/clockwise-consulting.de\/wp-content\/uploads\/2023\/09\/CW_neu-e1658907079806-768x760-1-300x297.webp","contentUrl":"https:\/\/clockwise-consulting.de\/wp-content\/uploads\/2023\/09\/CW_neu-e1658907079806-768x760-1-300x297.webp"},{"@type":"BreadcrumbList","@id":"https:\/\/clockwise-consulting.de\/mittelstandsexperten-2\/#breadcrumb","itemListElement":[{"@type":"ListItem","position":1,"name":"Startseite","item":"https:\/\/clockwise-consulting.de\/"},{"@type":"ListItem","position":2,"name":"Management"}]},{"@type":"WebSite","@id":"https:\/\/clockwise-consulting.de\/#website","url":"https:\/\/clockwise-consulting.de\/","name":"Clockwise Consulting","description":"Strategie- und Organisationsentwicklung f\u00fcr den Mittelstand","publisher":{"@id":"https:\/\/clockwise-consulting.de\/#organization"},"potentialAction":[{"@type":"SearchAction","target":{"@type":"EntryPoint","urlTemplate":"https:\/\/clockwise-consulting.de\/?s={search_term_string}"},"query-input":{"@type":"PropertyValueSpecification","valueRequired":true,"valueName":"search_term_string"}}],"inLanguage":"en-GB"},{"@type":"Organization","@id":"https:\/\/clockwise-consulting.de\/#organization","name":"Clockwise Consulting","url":"https:\/\/clockwise-consulting.de\/","logo":{"@type":"ImageObject","inLanguage":"en-GB","@id":"https:\/\/clockwise-consulting.de\/#\/schema\/logo\/image\/","url":"https:\/\/cwctest.de\/wp-content\/uploads\/2022\/04\/cwclogo.jpeg","contentUrl":"https:\/\/cwctest.de\/wp-content\/uploads\/2022\/04\/cwclogo.jpeg","width":150,"height":75,"caption":"Clockwise Consulting"},"image":{"@id":"https:\/\/clockwise-consulting.de\/#\/schema\/logo\/image\/"}}]}},"_links":{"self":[{"href":"https:\/\/clockwise-consulting.de\/en\/wp-json\/wp\/v2\/pages\/39","targetHints":{"allow":["GET"]}}],"collection":[{"href":"https:\/\/clockwise-consulting.de\/en\/wp-json\/wp\/v2\/pages"}],"about":[{"href":"https:\/\/clockwise-consulting.de\/en\/wp-json\/wp\/v2\/types\/page"}],"author":[{"embeddable":true,"href":"https:\/\/clockwise-consulting.de\/en\/wp-json\/wp\/v2\/users\/2"}],"replies":[{"embeddable":true,"href":"https:\/\/clockwise-consulting.de\/en\/wp-json\/wp\/v2\/comments?post=39"}],"version-history":[{"count":0,"href":"https:\/\/clockwise-consulting.de\/en\/wp-json\/wp\/v2\/pages\/39\/revisions"}],"wp:attachment":[{"href":"https:\/\/clockwise-consulting.de\/en\/wp-json\/wp\/v2\/media?parent=39"}],"curies":[{"name":"wp","href":"https:\/\/api.w.org\/{rel}","templated":true}]}}